{"id":109830,"date":"2017-11-03T13:20:10","date_gmt":"2017-11-03T12:20:10","guid":{"rendered":"http:\/\/devbiel.inlingua.ch\/cours-de-langues\/cours-actuels\/kursformular\/"},"modified":"2020-01-06T08:43:17","modified_gmt":"2020-01-06T07:43:17","slug":"formulaire-de-cours","status":"publish","type":"page","link":"https:\/\/www.inlingua-aare.ch\/fr\/cours-de-langues\/cours-actuels\/formulaire-de-cours\/","title":{"rendered":"Formulaire d&rsquo;inscription"},"content":{"rendered":"<section class=\"l-section wpb_row us_custom_290df740 has_text_color height_auto width_full\"><div class=\"l-section-h i-cf\"><div class=\"g-cols vc_row via_flex valign_top type_default stacking_default\"><div class=\"vc_col-sm-6 wpb_column vc_column_container\"><div class=\"vc_column-inner us_custom_be3606da\"><div class=\"wpb_wrapper\"><div class=\"w-image align_none\"><div class=\"w-image-h\"><img decoding=\"async\" width=\"585\" height=\"585\" src=\"https:\/\/www.inlingua-aare.ch\/wp-content\/uploads\/2019\/04\/iStock-520414956-Sprachkurse-quadrat.jpg\" class=\"attachment-full size-full\" alt=\"\" loading=\"lazy\" srcset=\"https:\/\/www.inlingua-aare.ch\/wp-content\/uploads\/2019\/04\/iStock-520414956-Sprachkurse-quadrat.jpg 585w, https:\/\/www.inlingua-aare.ch\/wp-content\/uploads\/2019\/04\/iStock-520414956-Sprachkurse-quadrat-150x150.jpg 150w, https:\/\/www.inlingua-aare.ch\/wp-content\/uploads\/2019\/04\/iStock-520414956-Sprachkurse-quadrat-300x300.jpg 300w, https:\/\/www.inlingua-aare.ch\/wp-content\/uploads\/2019\/04\/iStock-520414956-Sprachkurse-quadrat-350x350.jpg 350w\" sizes=\"auto, (max-width: 585px) 100vw, 585px\" \/><\/div><\/div><\/div><\/div><\/div><div class=\"vc_col-sm-6 wpb_column vc_column_container vh100_col_old\"><div class=\"vc_column-inner\"><div class=\"wpb_wrapper\"><div class=\"wpb_text_column vh100_p\"><div class=\"wpb_wrapper\"><h4 style=\"text-align: center;\">Cours de langues<\/h4>\n<h3 style=\"text-align: center;\">Formulaire d&rsquo;inscription<\/h3>\n<h4 style=\"text-align: center;\">Les langues changent la vie<\/h4>\n<\/div><\/div><\/div><\/div><\/div><\/div><\/div><\/section><section class=\"l-section wpb_row ext-row height_medium\"><div class=\"l-section-h i-cf\"><div class=\"g-cols vc_row via_flex valign_middle type_default stacking_default\"><div class=\"vc_col-sm-12 wpb_column vc_column_container\"><div class=\"vc_column-inner\"><div class=\"wpb_wrapper\"><div class=\"wpb_text_column\"><div class=\"wpb_wrapper\"><h2>\u00cates-vous int\u00e9ress\u00e9 par un cours?<\/h2>\n<p>Nous nous r\u00e9jouissons de votre int\u00e9r\u00eat. Faites-nous part de vos coordonn\u00e9es \u2013 vous serez contact\u00e9 dans les plus brefs d\u00e9lais.<\/p>\n<\/div><\/div><\/div><\/div><\/div><\/div><\/div><\/section><section class=\"l-section wpb_row ext-row height_medium\"><div class=\"l-section-h i-cf\"><div class=\"g-cols vc_row via_flex valign_top type_default stacking_default\">\nWarning: Array to string conversion in \/var\/www\/vhosts\/inlingua.ch\/inlingua-aare.ch\/wp-content\/themes\/Impreza-child\/vc-course-signup.php on line 110\n\nWarning: Attempt to read property \"post_title\" on null in \/var\/www\/vhosts\/inlingua.ch\/inlingua-aare.ch\/wp-content\/themes\/Impreza-child\/vc-course-signup.php on line 160\n\nWarning: Attempt to read property \"post_title\" on null in \/var\/www\/vhosts\/inlingua.ch\/inlingua-aare.ch\/wp-content\/themes\/Impreza-child\/vc-course-signup.php on line 164\n<div class=\"vc_col-sm-12 wpb_column vc_column_container\"><div class=\"vc_column-inner\"><div class=\"wpb_wrapper\"><section class=\"l-section wpb_row height_auto\"><div class=\"l-section-h i-cf\"><div class=\"g-cols vc_row via_flex valign_top type_default stacking_default\"><div class=\"vc_col-sm-12 wpb_column vc_column_container\"><div class=\"vc_column-inner\"><div class=\"wpb_wrapper\">\n<div class=\"wpb_text_column\"><div class=\"wpb_wrapper\"><table class=\"list-table\">\n<tbody>\n<tr>\n<td><strong>Lieu<\/strong><\/td>\n<td><\/td>\n<\/tr>\n<tr>\n<td><strong>Nom du cours<\/strong><\/td>\n<td><\/td>\n<\/tr>\n<tr>\n<td><strong>Langue<\/strong><\/td>\n<td><\/td>\n<\/tr>\n<tr>\n<td><strong>Contenu<\/strong><\/td>\n<td>Array<\/td>\n<\/tr>\n<tr>\n<td><strong>Date de d\u00e9but<\/strong><\/td>\n<td><\/td>\n<\/tr>\n<tr>\n<td><strong>Jour(s)<\/strong><\/td>\n<td><\/td>\n<\/tr>\n<tr><\/tbody>\n<\/table>\n<\/div><\/div>\n<\/div><\/div><\/div><\/div><\/div><\/section>\n\t\t\t\t<!-- ###coursetitle=### -->\n\t\t\t\t<script>\n\t\t\t\t\/\/ push to hidden fields\n\t\t\t\t  window.setTimeout(function() {\n\t\t\t\t\tjQuery(\"input[name=coursetitle]\").val(\"\");\n\t\t\t\t\tjQuery(\"input[name=courseslug]\").val(\"\");\t\n\t\t\t\t  }, 500);\n\t\t\t\t<\/script><\/div><\/div><\/div><\/div><\/div><\/section><section class=\"l-section wpb_row ext-row height_medium\"><div class=\"l-section-h i-cf\"><div class=\"g-cols vc_row via_flex valign_top type_default stacking_default\"><div class=\"vc_col-sm-12 wpb_column vc_column_container\"><div class=\"vc_column-inner\"><div class=\"wpb_wrapper\">\n<div class=\"wpcf7 no-js\" id=\"wpcf7-f110056-o1\" lang=\"de-DE\" dir=\"ltr\" data-wpcf7-id=\"110056\">\n<div class=\"screen-reader-response\"><p role=\"status\" aria-live=\"polite\" aria-atomic=\"true\"><\/p> <ul><\/ul><\/div>\n<form action=\"\/fr\/wp-json\/wp\/v2\/pages\/109830#wpcf7-f110056-o1\" method=\"post\" class=\"wpcf7-form init\" aria-label=\"Kontaktformular\" novalidate=\"novalidate\" data-status=\"init\">\n<fieldset class=\"hidden-fields-container\"><input type=\"hidden\" name=\"_wpcf7\" value=\"110056\" \/><input type=\"hidden\" name=\"_wpcf7_version\" value=\"6.1.5\" \/><input type=\"hidden\" name=\"_wpcf7_locale\" value=\"de_DE\" \/><input type=\"hidden\" name=\"_wpcf7_unit_tag\" value=\"wpcf7-f110056-o1\" \/><input type=\"hidden\" name=\"_wpcf7_container_post\" value=\"0\" \/><input type=\"hidden\" name=\"_wpcf7_posted_data_hash\" value=\"\" \/><input type=\"hidden\" name=\"_wpcf7_recaptcha_response\" value=\"\" \/>\n<\/fieldset>\n<div class=\"contactform\">\n\t<p><span class=\"wpcf7-form-control-wrap\" data-name=\"Anrede\"><span class=\"wpcf7-form-control wpcf7-radio\"><span class=\"wpcf7-list-item first\"><input type=\"radio\" name=\"Anrede\" value=\"Madame\" checked=\"checked\" \/><span class=\"wpcf7-list-item-label\">Madame<\/span><\/span><span class=\"wpcf7-list-item last\"><input type=\"radio\" name=\"Anrede\" value=\"Monsieur\" \/><span class=\"wpcf7-list-item-label\">Monsieur<\/span><\/span><\/span><\/span><br \/>\n<label>Pr\u00e9nom<br \/>\n<span class=\"wpcf7-form-control-wrap\" data-name=\"Vorname\"><input size=\"40\" maxlength=\"400\" class=\"wpcf7-form-control wpcf7-text wpcf7-validates-as-required\" aria-required=\"true\" aria-invalid=\"false\" value=\"\" type=\"text\" name=\"Vorname\" \/><\/span> <\/label><label>Nom<br \/>\n<span class=\"wpcf7-form-control-wrap\" data-name=\"Nachname\"><input size=\"40\" maxlength=\"400\" class=\"wpcf7-form-control wpcf7-text wpcf7-validates-as-required\" aria-required=\"true\" aria-invalid=\"false\" value=\"\" type=\"text\" name=\"Nachname\" \/><\/span> <\/label><br \/>\n<label>Adresse<br \/>\n<span class=\"wpcf7-form-control-wrap\" data-name=\"Adresse\"><input size=\"40\" maxlength=\"400\" class=\"wpcf7-form-control wpcf7-text wpcf7-validates-as-required\" aria-required=\"true\" aria-invalid=\"false\" value=\"\" type=\"text\" name=\"Adresse\" \/><\/span> <\/label><label>NPA\/Localit\u00e9<br \/>\n<span class=\"wpcf7-form-control-wrap\" data-name=\"PLZ_Ort\"><input size=\"40\" maxlength=\"400\" class=\"wpcf7-form-control wpcf7-text wpcf7-validates-as-required\" aria-required=\"true\" aria-invalid=\"false\" value=\"\" type=\"text\" name=\"PLZ_Ort\" \/><\/span> <\/label><br \/>\n<label>E-mail<br \/>\n<span class=\"wpcf7-form-control-wrap\" data-name=\"Email\"><input size=\"40\" maxlength=\"400\" class=\"wpcf7-form-control wpcf7-email wpcf7-validates-as-required wpcf7-text wpcf7-validates-as-email\" aria-required=\"true\" aria-invalid=\"false\" value=\"\" type=\"email\" name=\"Email\" \/><\/span> <\/label><label>T\u00e9l\u00e9phone<br \/>\n<span class=\"wpcf7-form-control-wrap\" data-name=\"Telefon\"><input size=\"40\" maxlength=\"400\" class=\"wpcf7-form-control wpcf7-text wpcf7-validates-as-required\" aria-required=\"true\" aria-invalid=\"false\" value=\"\" type=\"text\" name=\"Telefon\" \/><\/span> <\/label>\n\t<\/p>\n\t<div class=\"radio checkbox\">\n\t\t<p><span class=\"wpcf7-form-control-wrap\" data-name=\"Kontaktart\"><span class=\"wpcf7-form-control wpcf7-radio\"><span class=\"wpcf7-list-item first\"><input type=\"radio\" name=\"Kontaktart\" value=\"Je souhaite \u00eatre contact\u00e9 par e-mail\" checked=\"checked\" \/><span class=\"wpcf7-list-item-label\">Je souhaite \u00eatre contact\u00e9 par e-mail<\/span><\/span><span class=\"wpcf7-list-item last\"><input type=\"radio\" name=\"Kontaktart\" value=\"Je souhaite \u00eatre contact\u00e9 par t\u00e9l\u00e9phone\" \/><span class=\"wpcf7-list-item-label\">Je souhaite \u00eatre contact\u00e9 par t\u00e9l\u00e9phone<\/span><\/span><\/span><\/span><br \/>\n<span class=\"wpcf7-form-control-wrap\" data-name=\"Zeit_fuer_Telefon\"><span class=\"wpcf7-form-control wpcf7-checkbox\"><span class=\"wpcf7-list-item first\"><input type=\"checkbox\" name=\"Zeit_fuer_Telefon[]\" value=\"09h00 \u00e0 12h00\" \/><span class=\"wpcf7-list-item-label\">09h00 \u00e0 12h00<\/span><\/span><span class=\"wpcf7-list-item\"><input type=\"checkbox\" name=\"Zeit_fuer_Telefon[]\" value=\"13h00 \u00e0 16h00\" \/><span class=\"wpcf7-list-item-label\">13h00 \u00e0 16h00<\/span><\/span><span class=\"wpcf7-list-item last\"><input type=\"checkbox\" name=\"Zeit_fuer_Telefon[]\" value=\"17h00 \u00e0 19h00\" \/><span class=\"wpcf7-list-item-label\">17h00 \u00e0 19h00<\/span><\/span><\/span><\/span>\n\t\t<\/p>\n\t<\/div>\n\t<p><label>Commentaire<br \/>\n<span class=\"wpcf7-form-control-wrap\" data-name=\"Kommentar\"><textarea cols=\"40\" rows=\"10\" maxlength=\"2000\" class=\"wpcf7-form-control wpcf7-textarea wpcf7-validates-as-required\" aria-required=\"true\" aria-invalid=\"false\" name=\"Kommentar\"><\/textarea><\/span> <\/label><br \/>\n<span class=\"wpcf7-form-control-wrap\" data-name=\"datenschutz\"><span class=\"wpcf7-form-control wpcf7-checkbox wpcf7-validates-as-required\"><span class=\"wpcf7-list-item first last\"><input type=\"checkbox\" name=\"datenschutz[]\" value=\"J&#039;accepte par la pr\u00e9sente que mes donn\u00e9es saisies seront stock\u00e9es \u00e9lectroniquement et trait\u00e9es et utilis\u00e9es \u00e0 des fins internes. Je sais que je peux r\u00e9voquer mon consentement \u00e0 tout moment.\" \/><span class=\"wpcf7-list-item-label\">J&#039;accepte par la pr\u00e9sente que mes donn\u00e9es saisies seront stock\u00e9es \u00e9lectroniquement et trait\u00e9es et utilis\u00e9es \u00e0 des fins internes. Je sais que je peux r\u00e9voquer mon consentement \u00e0 tout moment.<\/span><\/span><\/span><\/span><br \/>\n\t<input class=\"wpcf7-form-control wpcf7-hidden\" value=\"\" type=\"hidden\" name=\"coursetitle\" \/>\n\t<input class=\"wpcf7-form-control wpcf7-hidden\" value=\"\" type=\"hidden\" name=\"courseslug\" \/><input class=\"wpcf7-form-control wpcf7-submit has-spinner\" type=\"submit\" value=\"Envoyer\" \/>\n\t<\/p>\n<\/div><div class=\"wpcf7-response-output\" aria-hidden=\"true\"><\/div>\n<\/form>\n<\/div>\n<\/div><\/div><\/div><\/div><\/div><\/section>\n","protected":false},"excerpt":{"rendered":"Cours de langues Formulaire d&rsquo;inscription Les langues changent la vie \u00cates-vous int\u00e9ress\u00e9 par un cours? Nous nous r\u00e9jouissons de votre int\u00e9r\u00eat. Faites-nous part de vos coordonn\u00e9es \u2013 vous serez contact\u00e9 dans les plus brefs d\u00e9lais. Warning: Array to string conversion in \/var\/www\/vhosts\/inlingua.ch\/inlingua-aare.ch\/wp-content\/themes\/Impreza-child\/vc-course-signup.php on line 110 Warning: Attempt to read property \"post_title\" on null in \/var\/www\/vhosts\/inlingua.ch\/inlingua-aare.ch\/wp-content\/themes\/Impreza-child\/vc-course-signup.php...","protected":false},"author":3,"featured_media":0,"parent":109754,"menu_order":0,"comment_status":"closed","ping_status":"closed","template":"","meta":{"_acf_changed":false,"inline_featured_image":false,"_monsterinsights_skip_tracking":false,"_monsterinsights_sitenote_active":false,"_monsterinsights_sitenote_note":"","_monsterinsights_sitenote_category":0,"footnotes":""},"class_list":["post-109830","page","type-page","status-publish","hentry"],"acf":[],"yoast_head":"<!-- This site is optimized with the Yoast SEO plugin v27.4 - https:\/\/yoast.com\/product\/yoast-seo-wordpress\/ -->\n<title>Formulaire d&#039;inscription | inlingua Aare<\/title>\n<meta name=\"robots\" content=\"index, follow, max-snippet:-1, max-image-preview:large, max-video-preview:-1\" \/>\n<link rel=\"canonical\" href=\"https:\/\/www.inlingua-aare.ch\/fr\/cours-de-langues\/cours-actuels\/formulaire-de-cours\/\" \/>\n<meta property=\"og:locale\" content=\"fr_FR\" \/>\n<meta property=\"og:type\" content=\"article\" \/>\n<meta property=\"og:title\" content=\"Formulaire d&#039;inscription | inlingua Aare\" \/>\n<meta property=\"og:url\" content=\"https:\/\/www.inlingua-aare.ch\/fr\/cours-de-langues\/cours-actuels\/formulaire-de-cours\/\" \/>\n<meta property=\"og:site_name\" content=\"inlingua Aare\" \/>\n<meta property=\"article:publisher\" content=\"https:\/\/www.facebook.com\/?locale=de_DE\" \/>\n<meta property=\"article:modified_time\" content=\"2020-01-06T07:43:17+00:00\" \/>\n<meta name=\"twitter:card\" content=\"summary_large_image\" \/>\n<meta name=\"twitter:label1\" content=\"Dur\u00e9e de lecture estim\u00e9e\" \/>\n\t<meta name=\"twitter:data1\" content=\"1 minute\" \/>\n<script type=\"application\/ld+json\" class=\"yoast-schema-graph\">{\"@context\":\"https:\\\/\\\/schema.org\",\"@graph\":[{\"@type\":\"WebPage\",\"@id\":\"https:\\\/\\\/www.inlingua-aare.ch\\\/fr\\\/cours-de-langues\\\/cours-actuels\\\/formulaire-de-cours\\\/\",\"url\":\"https:\\\/\\\/www.inlingua-aare.ch\\\/fr\\\/cours-de-langues\\\/cours-actuels\\\/formulaire-de-cours\\\/\",\"name\":\"Formulaire d'inscription | inlingua Aare\",\"isPartOf\":{\"@id\":\"https:\\\/\\\/www.inlingua-aare.ch\\\/en\\\/#website\"},\"datePublished\":\"2017-11-03T12:20:10+00:00\",\"dateModified\":\"2020-01-06T07:43:17+00:00\",\"breadcrumb\":{\"@id\":\"https:\\\/\\\/www.inlingua-aare.ch\\\/fr\\\/cours-de-langues\\\/cours-actuels\\\/formulaire-de-cours\\\/#breadcrumb\"},\"inLanguage\":\"fr-FR\",\"potentialAction\":[{\"@type\":\"ReadAction\",\"target\":[\"https:\\\/\\\/www.inlingua-aare.ch\\\/fr\\\/cours-de-langues\\\/cours-actuels\\\/formulaire-de-cours\\\/\"]}]},{\"@type\":\"BreadcrumbList\",\"@id\":\"https:\\\/\\\/www.inlingua-aare.ch\\\/fr\\\/cours-de-langues\\\/cours-actuels\\\/formulaire-de-cours\\\/#breadcrumb\",\"itemListElement\":[{\"@type\":\"ListItem\",\"position\":1,\"name\":\"Startseite\",\"item\":\"https:\\\/\\\/www.inlingua-aare.ch\\\/fr\\\/\"},{\"@type\":\"ListItem\",\"position\":2,\"name\":\"Cours de langues\",\"item\":\"https:\\\/\\\/www.inlingua-aare.ch\\\/fr\\\/cours-de-langues\\\/\"},{\"@type\":\"ListItem\",\"position\":3,\"name\":\"Cours actuels\",\"item\":\"https:\\\/\\\/www.inlingua-aare.ch\\\/fr\\\/cours-de-langues\\\/cours-actuels\\\/\"},{\"@type\":\"ListItem\",\"position\":4,\"name\":\"Formulaire d&rsquo;inscription\"}]},{\"@type\":\"WebSite\",\"@id\":\"https:\\\/\\\/www.inlingua-aare.ch\\\/en\\\/#website\",\"url\":\"https:\\\/\\\/www.inlingua-aare.ch\\\/en\\\/\",\"name\":\"inlingua Aare\",\"description\":\"Cours de langues | Plus de 300 centres dans le monde\",\"publisher\":{\"@id\":\"https:\\\/\\\/www.inlingua-aare.ch\\\/en\\\/#organization\"},\"alternateName\":\"Sprachschule\",\"potentialAction\":[{\"@type\":\"SearchAction\",\"target\":{\"@type\":\"EntryPoint\",\"urlTemplate\":\"https:\\\/\\\/www.inlingua-aare.ch\\\/en\\\/?s={search_term_string}\"},\"query-input\":{\"@type\":\"PropertyValueSpecification\",\"valueRequired\":true,\"valueName\":\"search_term_string\"}}],\"inLanguage\":\"fr-FR\"},{\"@type\":\"Organization\",\"@id\":\"https:\\\/\\\/www.inlingua-aare.ch\\\/en\\\/#organization\",\"name\":\"inlingua Aare\",\"url\":\"https:\\\/\\\/www.inlingua-aare.ch\\\/en\\\/\",\"logo\":{\"@type\":\"ImageObject\",\"inLanguage\":\"fr-FR\",\"@id\":\"https:\\\/\\\/www.inlingua-aare.ch\\\/en\\\/#\\\/schema\\\/logo\\\/image\\\/\",\"url\":\"https:\\\/\\\/www.inlingua-aare.ch\\\/wp-content\\\/uploads\\\/2024\\\/06\\\/Biel_Bienne-UNTEN-inlingua-_Black-scaled.jpg\",\"contentUrl\":\"https:\\\/\\\/www.inlingua-aare.ch\\\/wp-content\\\/uploads\\\/2024\\\/06\\\/Biel_Bienne-UNTEN-inlingua-_Black-scaled.jpg\",\"width\":2560,\"height\":2560,\"caption\":\"inlingua Aare\"},\"image\":{\"@id\":\"https:\\\/\\\/www.inlingua-aare.ch\\\/en\\\/#\\\/schema\\\/logo\\\/image\\\/\"},\"sameAs\":[\"https:\\\/\\\/www.facebook.com\\\/?locale=de_DE\",\"https:\\\/\\\/www.linkedin.com\\\/company\\\/103267343\\\/admin\\\/notifications\\\/all\\\/\",\"https:\\\/\\\/www.instagram.com\\\/inlingua_bielbienne\\\/\"]}]}<\/script>\n<!-- \/ Yoast SEO plugin. -->","yoast_head_json":{"title":"Formulaire d'inscription | inlingua Aare","robots":{"index":"index","follow":"follow","max-snippet":"max-snippet:-1","max-image-preview":"max-image-preview:large","max-video-preview":"max-video-preview:-1"},"canonical":"https:\/\/www.inlingua-aare.ch\/fr\/cours-de-langues\/cours-actuels\/formulaire-de-cours\/","og_locale":"fr_FR","og_type":"article","og_title":"Formulaire d'inscription | inlingua Aare","og_url":"https:\/\/www.inlingua-aare.ch\/fr\/cours-de-langues\/cours-actuels\/formulaire-de-cours\/","og_site_name":"inlingua Aare","article_publisher":"https:\/\/www.facebook.com\/?locale=de_DE","article_modified_time":"2020-01-06T07:43:17+00:00","twitter_card":"summary_large_image","twitter_misc":{"Dur\u00e9e de lecture estim\u00e9e":"1 minute"},"schema":{"@context":"https:\/\/schema.org","@graph":[{"@type":"WebPage","@id":"https:\/\/www.inlingua-aare.ch\/fr\/cours-de-langues\/cours-actuels\/formulaire-de-cours\/","url":"https:\/\/www.inlingua-aare.ch\/fr\/cours-de-langues\/cours-actuels\/formulaire-de-cours\/","name":"Formulaire d'inscription | inlingua Aare","isPartOf":{"@id":"https:\/\/www.inlingua-aare.ch\/en\/#website"},"datePublished":"2017-11-03T12:20:10+00:00","dateModified":"2020-01-06T07:43:17+00:00","breadcrumb":{"@id":"https:\/\/www.inlingua-aare.ch\/fr\/cours-de-langues\/cours-actuels\/formulaire-de-cours\/#breadcrumb"},"inLanguage":"fr-FR","potentialAction":[{"@type":"ReadAction","target":["https:\/\/www.inlingua-aare.ch\/fr\/cours-de-langues\/cours-actuels\/formulaire-de-cours\/"]}]},{"@type":"BreadcrumbList","@id":"https:\/\/www.inlingua-aare.ch\/fr\/cours-de-langues\/cours-actuels\/formulaire-de-cours\/#breadcrumb","itemListElement":[{"@type":"ListItem","position":1,"name":"Startseite","item":"https:\/\/www.inlingua-aare.ch\/fr\/"},{"@type":"ListItem","position":2,"name":"Cours de langues","item":"https:\/\/www.inlingua-aare.ch\/fr\/cours-de-langues\/"},{"@type":"ListItem","position":3,"name":"Cours actuels","item":"https:\/\/www.inlingua-aare.ch\/fr\/cours-de-langues\/cours-actuels\/"},{"@type":"ListItem","position":4,"name":"Formulaire d&rsquo;inscription"}]},{"@type":"WebSite","@id":"https:\/\/www.inlingua-aare.ch\/en\/#website","url":"https:\/\/www.inlingua-aare.ch\/en\/","name":"inlingua Aare","description":"Cours de langues | Plus de 300 centres dans le monde","publisher":{"@id":"https:\/\/www.inlingua-aare.ch\/en\/#organization"},"alternateName":"Sprachschule","potentialAction":[{"@type":"SearchAction","target":{"@type":"EntryPoint","urlTemplate":"https:\/\/www.inlingua-aare.ch\/en\/?s={search_term_string}"},"query-input":{"@type":"PropertyValueSpecification","valueRequired":true,"valueName":"search_term_string"}}],"inLanguage":"fr-FR"},{"@type":"Organization","@id":"https:\/\/www.inlingua-aare.ch\/en\/#organization","name":"inlingua Aare","url":"https:\/\/www.inlingua-aare.ch\/en\/","logo":{"@type":"ImageObject","inLanguage":"fr-FR","@id":"https:\/\/www.inlingua-aare.ch\/en\/#\/schema\/logo\/image\/","url":"https:\/\/www.inlingua-aare.ch\/wp-content\/uploads\/2024\/06\/Biel_Bienne-UNTEN-inlingua-_Black-scaled.jpg","contentUrl":"https:\/\/www.inlingua-aare.ch\/wp-content\/uploads\/2024\/06\/Biel_Bienne-UNTEN-inlingua-_Black-scaled.jpg","width":2560,"height":2560,"caption":"inlingua Aare"},"image":{"@id":"https:\/\/www.inlingua-aare.ch\/en\/#\/schema\/logo\/image\/"},"sameAs":["https:\/\/www.facebook.com\/?locale=de_DE","https:\/\/www.linkedin.com\/company\/103267343\/admin\/notifications\/all\/","https:\/\/www.instagram.com\/inlingua_bielbienne\/"]}]}},"_links":{"self":[{"href":"https:\/\/www.inlingua-aare.ch\/fr\/wp-json\/wp\/v2\/pages\/109830","targetHints":{"allow":["GET"]}}],"collection":[{"href":"https:\/\/www.inlingua-aare.ch\/fr\/wp-json\/wp\/v2\/pages"}],"about":[{"href":"https:\/\/www.inlingua-aare.ch\/fr\/wp-json\/wp\/v2\/types\/page"}],"author":[{"embeddable":true,"href":"https:\/\/www.inlingua-aare.ch\/fr\/wp-json\/wp\/v2\/users\/3"}],"replies":[{"embeddable":true,"href":"https:\/\/www.inlingua-aare.ch\/fr\/wp-json\/wp\/v2\/comments?post=109830"}],"version-history":[{"count":7,"href":"https:\/\/www.inlingua-aare.ch\/fr\/wp-json\/wp\/v2\/pages\/109830\/revisions"}],"predecessor-version":[{"id":114367,"href":"https:\/\/www.inlingua-aare.ch\/fr\/wp-json\/wp\/v2\/pages\/109830\/revisions\/114367"}],"up":[{"embeddable":true,"href":"https:\/\/www.inlingua-aare.ch\/fr\/wp-json\/wp\/v2\/pages\/109754"}],"wp:attachment":[{"href":"https:\/\/www.inlingua-aare.ch\/fr\/wp-json\/wp\/v2\/media?parent=109830"}],"curies":[{"name":"wp","href":"https:\/\/api.w.org\/{rel}","templated":true}]}}